{"id":40603,"date":"2019-09-01T00:00:59","date_gmt":"2019-09-01T00:00:59","guid":{"rendered":"https:\/\/poleryapartments.com\/en\/?page_id=40603"},"modified":"2023-07-14T15:27:55","modified_gmt":"2023-07-14T15:27:55","slug":"contactos","status":"publish","type":"page","link":"https:\/\/poleryapartments.com\/en\/contactos\/","title":{"rendered":"Contactos"},"content":{"rendered":"<p>[et_pb_section fb_built=&#8221;1&#8243; custom_padding_last_edited=&#8221;on|phone&#8221; _builder_version=&#8221;4.10.5&#8243; background_color=&#8221;#F8F8F8&#8243; custom_margin=&#8221;0px||0px||true|false&#8221; custom_padding=&#8221;80px||120px||false|false&#8221; custom_padding_tablet=&#8221;70px||0px||false|false&#8221; custom_padding_phone=&#8221;60px||||false|false&#8221; locked=&#8221;off&#8221; global_colors_info=&#8221;{}&#8221;][et_pb_row column_structure=&#8221;2_5,3_5&#8243; use_custom_gutter=&#8221;on&#8221; gutter_width=&#8221;1&#8243; custom_padding_last_edited=&#8221;on|tablet&#8221; _builder_version=&#8221;4.10.4&#8243; width=&#8221;100%&#8221; max_width=&#8221;100%&#8221; custom_margin=&#8221;0px||0px||true|false&#8221; custom_padding=&#8221;0px||0px||true|false&#8221; custom_padding_tablet=&#8221;||60px||false|false&#8221; custom_padding_phone=&#8221;&#8221; global_colors_info=&#8221;{}&#8221;][et_pb_column type=&#8221;2_5&#8243; _builder_version=&#8221;4.0.9&#8243; custom_padding=&#8221;0px||0px||true|false&#8221; global_colors_info=&#8221;{}&#8221;][et_pb_text _builder_version=&#8221;4.13.1&#8243; header_2_font=&#8221;||||||||&#8221; text_orientation=&#8221;center&#8221; max_width=&#8221;600px&#8221; module_alignment=&#8221;center&#8221; custom_margin=&#8221;0px||0px||true|false&#8221; custom_padding=&#8221;0px||20px||false|false&#8221; text_font_size_tablet=&#8221;15px&#8221; text_font_size_phone=&#8221;14px&#8221; text_font_size_last_edited=&#8221;on|desktop&#8221; global_colors_info=&#8221;{}&#8221;]<\/p>\n<h2 style=\"padding-bottom: 0px;\">CONTACTS<\/h2>\n<p>[\/et_pb_text][et_pb_divider divider_weight=&#8221;20px&#8221; disabled_on=&#8221;off|off|off&#8221; _builder_version=&#8221;4.10.4&#8243; max_width=&#8221;1px&#8221; module_alignment=&#8221;center&#8221; height=&#8221;30px&#8221; custom_margin=&#8221;0px||30px||false|false&#8221; custom_padding=&#8221;0px||0px||true|false&#8221; locked=&#8221;off&#8221; global_colors_info=&#8221;{}&#8221;][\/et_pb_divider][et_pb_divider divider_position=&#8221;center&#8221; divider_weight=&#8221;1px&#8221; disabled_on=&#8221;on|on|on&#8221; _builder_version=&#8221;4.10.4&#8243; max_width=&#8221;60px&#8221; module_alignment=&#8221;center&#8221; height=&#8221;30px&#8221; custom_margin=&#8221;0px||30px||false|false&#8221; custom_padding=&#8221;0px||0px||true|false&#8221; disabled=&#8221;on&#8221; locked=&#8221;off&#8221; global_colors_info=&#8221;{}&#8221;][\/et_pb_divider][et_pb_text module_class=&#8221;linkcont02&#8243; _builder_version=&#8221;4.13.1&#8243; text_font_size=&#8221;18px&#8221; text_line_height=&#8221;1.6em&#8221; text_orientation=&#8221;center&#8221; custom_margin=&#8221;0px||0px||true|false&#8221; custom_padding=&#8221;0px||0px||false|false&#8221; custom_padding_tablet=&#8221;0px||50px||false|false&#8221; custom_padding_phone=&#8221;0px||||false|false&#8221; custom_padding_last_edited=&#8221;on|phone&#8221; hover_enabled=&#8221;0&#8243; global_colors_info=&#8221;{}&#8221; sticky_enabled=&#8221;0&#8243;]<\/p>\n<p style=\"padding-bottom: 0px;\"><a href=\"tel:+351 967 127 198\">+351 967 127 198<\/a><br \/>\n<a href=\"tel:+351 913 556 979\">+351 913 556 979<\/a><\/p>\n<p style=\"font-size: 11px; padding-bottom: 15px;\">(Call to national mobile network)<\/p>\n<p><a href=\"mailto:apartmentsguimaraes@gmail.com\">apartmentsguimaraes@gmail.com<\/a><\/p>\n<p><a style=\"font-size: 15px;\" href=\"https:\/\/goo.gl\/maps\/HUvv7gYgTqKeMHdq8\" target=\"_blank\" rel=\"noopener noreferrer\">Travessa de Cam\u00f5es, 15<br \/>\n4810-428 Guimar\u00e3es &#8211; PORTUGAL<\/a>[\/et_pb_text][et_pb_image src=&#8221;https:\/\/poleryapartments.com\/en\/wp-content\/uploads\/2021\/11\/POLERYAPARTMENTS_contacts.png&#8221; alt=&#8221;Contactos&#8221; title_text=&#8221;POLERYAPARTMENTS_contacts&#8221; align=&#8221;center&#8221; disabled_on=&#8221;on|on|off&#8221; _builder_version=&#8221;4.13.1&#8243; max_width=&#8221;300px&#8221; max_width_tablet=&#8221;300px&#8221; max_width_phone=&#8221;260px&#8221; max_width_last_edited=&#8221;on|desktop&#8221; custom_margin=&#8221;60px||0px||false|false&#8221; custom_margin_tablet=&#8221;40px||50px||false|false&#8221; custom_margin_phone=&#8221;&#8221; custom_margin_last_edited=&#8221;on|phone&#8221; custom_padding=&#8221;0px||0px||false|false&#8221; border_width_all=&#8221;25px&#8221; border_color_all=&#8221;#ffffff&#8221; border_width_all_tablet=&#8221;20px&#8221; border_width_all_phone=&#8221;15px&#8221; border_width_all_last_edited=&#8221;on|phone&#8221; global_colors_info=&#8221;{}&#8221; filter_brightness__hover_enabled=&#8221;off|desktop&#8221;][\/et_pb_image][\/et_pb_column][et_pb_column type=&#8221;3_5&#8243; _builder_version=&#8221;4.4.4&#8243; background_color=&#8221;#ffffff&#8221; custom_padding=&#8221;60px|60px|60px|60px|true|true&#8221; custom_padding_tablet=&#8221;|40px||40px|true|true&#8221; custom_padding_phone=&#8221;|30px||30px|true|true&#8221; custom_padding_last_edited=&#8221;on|phone&#8221; global_colors_info=&#8221;{}&#8221;][et_pb_text _builder_version=&#8221;4.13.1&#8243; header_2_font=&#8221;||||||||&#8221; max_width=&#8221;600px&#8221; module_alignment=&#8221;center&#8221; custom_margin=&#8221;0px||0px||true|false&#8221; custom_padding=&#8221;0px||25px||false|false&#8221; text_font_size_tablet=&#8221;15px&#8221; text_font_size_phone=&#8221;14px&#8221; text_font_size_last_edited=&#8221;on|desktop&#8221; global_colors_info=&#8221;{}&#8221;]<\/p>\n<h2 style=\" padding-bottom: 3px;\">TALK TO US<\/h2>\n<p>More information fill in the form<\/p>\n<p>[\/et_pb_text][et_pb_contact_form captcha=&#8221;off&#8221; email=&#8221;mail@poleryapartments.com&#8221; custom_message=&#8221;FORMUL\u00c1RIO DE CONTACTO EN||et_pb_line_break_holder||||et_pb_line_break_holder||Nome: %%Nome%%||et_pb_line_break_holder||Email: %%Email%%||et_pb_line_break_holder||Telem\u00f3vel: %%Telemovel%%||et_pb_line_break_holder||Mensagem: %%Mensagem%%||et_pb_line_break_holder||||et_pb_line_break_holder||||et_pb_line_break_holder||%%Politica_de_Privacidade%%&#8221; success_message=&#8221;Your message has been successfully sent, we will respond shortly! &#8221; submit_button_text=&#8221;Send&#8221; module_id=&#8221;et_pb_contact_form_0&#8243; module_class=&#8221;notitle&#8221; _builder_version=&#8221;4.13.1&#8243; _unique_id=&#8221;a83cc177-26ba-49b7-98d1-9d5a46b381ff&#8221; form_field_background_color=&#8221;rgba(0,0,0,0)&#8221; form_field_custom_margin=&#8221;0px||20px||false|false&#8221; form_field_custom_padding=&#8221;10px|10px|10px|10px|true|true&#8221; form_field_font=&#8221;|300|||||||&#8221; form_field_text_align=&#8221;left&#8221; form_field_font_size=&#8221;14px&#8221; background_color=&#8221;rgba(255,255,255,0.95)&#8221; text_orientation=&#8221;left&#8221; max_width=&#8221;600px&#8221; module_alignment=&#8221;center&#8221; custom_margin=&#8221;0px||0px||true|false&#8221; custom_padding=&#8221;0px||0px||true|false&#8221; border_color_all=&#8221;rgba(0,0,0,0.3)&#8221; border_width_bottom=&#8221;1px&#8221; border_color_bottom=&#8221;rgba(87,87,86,0.2)&#8221; form_background_color=&#8221;rgba(0,0,0,0)&#8221; global_colors_info=&#8221;{}&#8221;][et_pb_contact_field field_id=&#8221;Nome&#8221; field_title=&#8221;Name&#8221; fullwidth_field=&#8221;on&#8221; _builder_version=&#8221;4.13.1&#8243; global_colors_info=&#8221;{}&#8221; button_text_size__hover_enabled=&#8221;off&#8221; button_one_text_size__hover_enabled=&#8221;off&#8221; button_two_text_size__hover_enabled=&#8221;off&#8221; button_text_color__hover_enabled=&#8221;off&#8221; button_one_text_color__hover_enabled=&#8221;off&#8221; button_two_text_color__hover_enabled=&#8221;off&#8221; button_border_width__hover_enabled=&#8221;off&#8221; button_one_border_width__hover_enabled=&#8221;off&#8221; button_two_border_width__hover_enabled=&#8221;off&#8221; button_border_color__hover_enabled=&#8221;off&#8221; button_one_border_color__hover_enabled=&#8221;off&#8221; button_two_border_color__hover_enabled=&#8221;off&#8221; button_border_radius__hover_enabled=&#8221;off&#8221; button_one_border_radius__hover_enabled=&#8221;off&#8221; button_two_border_radius__hover_enabled=&#8221;off&#8221; button_letter_spacing__hover_enabled=&#8221;off&#8221; button_one_letter_spacing__hover_enabled=&#8221;off&#8221; button_two_letter_spacing__hover_enabled=&#8221;off&#8221; button_bg_color__hover_enabled=&#8221;off&#8221; button_one_bg_color__hover_enabled=&#8221;off&#8221; button_two_bg_color__hover_enabled=&#8221;off&#8221;][\/et_pb_contact_field][et_pb_contact_field field_id=&#8221;Email&#8221; field_title=&#8221;Email&#8221; field_type=&#8221;email&#8221; fullwidth_field=&#8221;on&#8221; _builder_version=&#8221;4.13.1&#8243; global_colors_info=&#8221;{}&#8221; button_text_size__hover_enabled=&#8221;off&#8221; button_one_text_size__hover_enabled=&#8221;off&#8221; button_two_text_size__hover_enabled=&#8221;off&#8221; button_text_color__hover_enabled=&#8221;off&#8221; button_one_text_color__hover_enabled=&#8221;off&#8221; button_two_text_color__hover_enabled=&#8221;off&#8221; button_border_width__hover_enabled=&#8221;off&#8221; button_one_border_width__hover_enabled=&#8221;off&#8221; button_two_border_width__hover_enabled=&#8221;off&#8221; button_border_color__hover_enabled=&#8221;off&#8221; button_one_border_color__hover_enabled=&#8221;off&#8221; button_two_border_color__hover_enabled=&#8221;off&#8221; button_border_radius__hover_enabled=&#8221;off&#8221; button_one_border_radius__hover_enabled=&#8221;off&#8221; button_two_border_radius__hover_enabled=&#8221;off&#8221; button_letter_spacing__hover_enabled=&#8221;off&#8221; button_one_letter_spacing__hover_enabled=&#8221;off&#8221; button_two_letter_spacing__hover_enabled=&#8221;off&#8221; button_bg_color__hover_enabled=&#8221;off&#8221; button_one_bg_color__hover_enabled=&#8221;off&#8221; button_two_bg_color__hover_enabled=&#8221;off&#8221;][\/et_pb_contact_field][et_pb_contact_field field_id=&#8221;Telemovel&#8221; field_title=&#8221;Phone&#8221; fullwidth_field=&#8221;on&#8221; _builder_version=&#8221;4.13.1&#8243; global_colors_info=&#8221;{}&#8221; button_text_size__hover_enabled=&#8221;off&#8221; button_one_text_size__hover_enabled=&#8221;off&#8221; button_two_text_size__hover_enabled=&#8221;off&#8221; button_text_color__hover_enabled=&#8221;off&#8221; button_one_text_color__hover_enabled=&#8221;off&#8221; button_two_text_color__hover_enabled=&#8221;off&#8221; button_border_width__hover_enabled=&#8221;off&#8221; button_one_border_width__hover_enabled=&#8221;off&#8221; button_two_border_width__hover_enabled=&#8221;off&#8221; button_border_color__hover_enabled=&#8221;off&#8221; button_one_border_color__hover_enabled=&#8221;off&#8221; button_two_border_color__hover_enabled=&#8221;off&#8221; button_border_radius__hover_enabled=&#8221;off&#8221; button_one_border_radius__hover_enabled=&#8221;off&#8221; button_two_border_radius__hover_enabled=&#8221;off&#8221; button_letter_spacing__hover_enabled=&#8221;off&#8221; button_one_letter_spacing__hover_enabled=&#8221;off&#8221; button_two_letter_spacing__hover_enabled=&#8221;off&#8221; button_bg_color__hover_enabled=&#8221;off&#8221; button_one_bg_color__hover_enabled=&#8221;off&#8221; button_two_bg_color__hover_enabled=&#8221;off&#8221;][\/et_pb_contact_field][et_pb_contact_field field_id=&#8221;Mensagem&#8221; field_title=&#8221;Message&#8221; field_type=&#8221;text&#8221; fullwidth_field=&#8221;on&#8221; _builder_version=&#8221;4.13.1&#8243; global_colors_info=&#8221;{}&#8221; button_text_size__hover_enabled=&#8221;off&#8221; button_one_text_size__hover_enabled=&#8221;off&#8221; button_two_text_size__hover_enabled=&#8221;off&#8221; button_text_color__hover_enabled=&#8221;off&#8221; button_one_text_color__hover_enabled=&#8221;off&#8221; button_two_text_color__hover_enabled=&#8221;off&#8221; button_border_width__hover_enabled=&#8221;off&#8221; button_one_border_width__hover_enabled=&#8221;off&#8221; button_two_border_width__hover_enabled=&#8221;off&#8221; button_border_color__hover_enabled=&#8221;off&#8221; button_one_border_color__hover_enabled=&#8221;off&#8221; button_two_border_color__hover_enabled=&#8221;off&#8221; button_border_radius__hover_enabled=&#8221;off&#8221; button_one_border_radius__hover_enabled=&#8221;off&#8221; button_two_border_radius__hover_enabled=&#8221;off&#8221; button_letter_spacing__hover_enabled=&#8221;off&#8221; button_one_letter_spacing__hover_enabled=&#8221;off&#8221; button_two_letter_spacing__hover_enabled=&#8221;off&#8221; button_bg_color__hover_enabled=&#8221;off&#8221; button_one_bg_color__hover_enabled=&#8221;off&#8221; button_two_bg_color__hover_enabled=&#8221;off&#8221;][\/et_pb_contact_field][et_pb_contact_field field_id=&#8221;Politica_de_Privacidade&#8221; field_title=&#8221;Pol\u00edtica de Privacidade&#8221; field_type=&#8221;checkbox&#8221; checkbox_options=&#8221;%91{%22value%22:%22I declare that I have read, accept and agree with the Privacy Policy.%22,%22checked%22:0,%22dragID%22:-1,%22link_text%22:%22Know more %22,%22link_url%22:%22https:\/\/poleryapartments.com\/en\/protecao-de-dados\/#PP%22}%93&#8243; fullwidth_field=&#8221;on&#8221; _builder_version=&#8221;4.13.1&#8243; form_field_font=&#8221;||||||||&#8221; form_field_letter_spacing=&#8221;0px&#8221; text_orientation=&#8221;left&#8221; custom_margin=&#8221;||25px&#8221; border_width_all=&#8221;1px&#8221; global_colors_info=&#8221;{}&#8221; button_text_size__hover_enabled=&#8221;off&#8221; button_one_text_size__hover_enabled=&#8221;off&#8221; button_two_text_size__hover_enabled=&#8221;off&#8221; button_text_color__hover_enabled=&#8221;off&#8221; button_one_text_color__hover_enabled=&#8221;off&#8221; button_two_text_color__hover_enabled=&#8221;off&#8221; button_border_width__hover_enabled=&#8221;off&#8221; button_one_border_width__hover_enabled=&#8221;off&#8221; button_two_border_width__hover_enabled=&#8221;off&#8221; button_border_color__hover_enabled=&#8221;off&#8221; button_one_border_color__hover_enabled=&#8221;off&#8221; button_two_border_color__hover_enabled=&#8221;off&#8221; button_border_radius__hover_enabled=&#8221;off&#8221; button_one_border_radius__hover_enabled=&#8221;off&#8221; button_two_border_radius__hover_enabled=&#8221;off&#8221; button_letter_spacing__hover_enabled=&#8221;off&#8221; button_one_letter_spacing__hover_enabled=&#8221;off&#8221; button_two_letter_spacing__hover_enabled=&#8221;off&#8221; button_bg_color__hover_enabled=&#8221;off&#8221; button_one_bg_color__hover_enabled=&#8221;off&#8221; button_two_bg_color__hover_enabled=&#8221;off&#8221;][\/et_pb_contact_field][\/et_pb_contact_form][\/et_pb_column][\/et_pb_row][\/et_pb_section][et_pb_section fb_built=&#8221;1&#8243; fullwidth=&#8221;on&#8221; _builder_version=&#8221;3.22&#8243; custom_margin=&#8221;0px||-7px||false&#8221; custom_padding=&#8221;0px||0px||true&#8221; locked=&#8221;off&#8221; global_colors_info=&#8221;{}&#8221;][et_pb_fullwidth_code _builder_version=&#8221;4.13.1&#8243; custom_margin=&#8221;0px||0px||true&#8221; custom_padding=&#8221;0px||0px||true&#8221; global_colors_info=&#8221;{}&#8221;]<iframe src=\"https:\/\/www.google.com\/maps\/embed?pb=!1m14!1m8!1m3!1d5981.839123116725!2d-8.295771!3d41.440967!3m2!1i1024!2i768!4f13.1!3m3!1m2!1s0xd24efc2853737a5%3A0x8da3256d52566c74!2sTv.%20de%20Cam%C3%B5es%2015%2C%204810-225%20Guimar%C3%A3es!5e0!3m2!1spt-PT!2spt!4v1637605576669!5m2!1spt-PT!2spt\" width=\"100%\" height=\"450\" style=\"border:0;\" allowfullscreen=\"\" loading=\"lazy\"><\/iframe>[\/et_pb_fullwidth_code][\/et_pb_section][et_pb_section fb_built=&#8221;1&#8243; _builder_version=&#8221;4.8.1&#8243; _module_preset=&#8221;default&#8221; custom_margin=&#8221;0px||0px||true|false&#8221; custom_padding=&#8221;0px||0px||true|false&#8221; global_module=&#8221;54498&#8243; saved_tabs=&#8221;all&#8221; locked=&#8221;off&#8221; global_colors_info=&#8221;{}&#8221;][et_pb_row column_structure=&#8221;1_4,1_4,1_4,1_4&#8243; use_custom_gutter=&#8221;on&#8221; gutter_width=&#8221;2&#8243; make_equal=&#8221;on&#8221; _builder_version=&#8221;4.13.1&#8243; _module_preset=&#8221;default&#8221; width=&#8221;90%&#8221; width_tablet=&#8221;80%&#8221; width_phone=&#8221;&#8221; width_last_edited=&#8221;on|tablet&#8221; max_width=&#8221;1200px&#8221; custom_margin=&#8221;0px||0px||true|false&#8221; custom_padding=&#8221;60px||60px||true|false&#8221; global_colors_info=&#8221;{}&#8221;][et_pb_column type=&#8221;1_4&#8243; module_class=&#8221;RodapeRow_01&#8243; _builder_version=&#8221;4.8.2&#8243; _module_preset=&#8221;default&#8221; global_colors_info=&#8221;{}&#8221;][et_pb_text module_class=&#8221;LinkFooterBranco&#8221; _builder_version=&#8221;4.13.1&#8243; _module_preset=&#8221;default&#8221; text_font_size=&#8221;14px&#8221; text_line_height=&#8221;1.3em&#8221; custom_margin=&#8221;0px||0px||true|false&#8221; custom_padding=&#8221;0px||0px||true|false&#8221; text_orientation_tablet=&#8221;center&#8221; text_orientation_phone=&#8221;&#8221; text_orientation_last_edited=&#8221;on|desktop&#8221; global_colors_info=&#8221;{}&#8221;]<\/p>\n<p>\u00a9 Polery Apartments &#8211; Local Accommodation in Guimar\u00e3es<\/p>\n<p>[\/et_pb_text][et_pb_text module_class=&#8221;LinkFooterBranco&#8221; _builder_version=&#8221;4.13.1&#8243; _module_preset=&#8221;default&#8221; text_font_size=&#8221;12px&#8221; text_line_height=&#8221;1.3em&#8221; custom_margin=&#8221;0px||0px||true|false&#8221; custom_padding=&#8221;13px||0px||false|false&#8221; text_orientation_tablet=&#8221;center&#8221; text_orientation_phone=&#8221;&#8221; text_orientation_last_edited=&#8221;on|desktop&#8221; global_colors_info=&#8221;{}&#8221;]<\/p>\n<p style=\"padding-bottom: 5px;\"><a href=\"https:\/\/criativo.net\/\" target=\"_blank\" rel=\"noopener\">cria\u00e7\u00e3o de sites<\/a> : <a href=\"https:\/\/criativo.net\/\" target=\"_blank\" rel=\"noopener\">criativo.net<\/a><\/p>\n<p><a target=\"_blank\" href=\"https:\/\/www.livroreclamacoes.pt\/inicio\" rel=\"noopener noreferrer\">Complaints book<\/a> \u00a0\u00a0 <a href=\"https:\/\/poleryapartments.com\/en\/protecao-de-dados\/#RLO\">RAL<\/a> \u00a0\u00a0 <a href=\"https:\/\/poleryapartments.com\/en\/protecao-de-dados\/#PP\"> Privacy<\/a> \u00a0\u00a0 <a href=\"https:\/\/poleryapartments.com\/en\/protecao-de-dados\/#PC\">Cookies<\/a><\/p>\n<p>[\/et_pb_text][\/et_pb_column][et_pb_column type=&#8221;1_4&#8243; module_class=&#8221;RodapeRow_02&#8243; _builder_version=&#8221;4.8.2&#8243; _module_preset=&#8221;default&#8221; global_colors_info=&#8221;{}&#8221;][et_pb_text module_class=&#8221;LinkFooterBranco&#8221; _builder_version=&#8221;4.13.1&#8243; _module_preset=&#8221;default&#8221; text_line_height=&#8221;1.6em&#8221; custom_margin=&#8221;0px||0px||true|false&#8221; custom_padding=&#8221;0px||0px||true|false&#8221; text_font_size_tablet=&#8221;17px&#8221; text_font_size_phone=&#8221;16px&#8221; text_font_size_last_edited=&#8221;off|desktop&#8221; text_orientation_tablet=&#8221;center&#8221; text_orientation_phone=&#8221;&#8221; text_orientation_last_edited=&#8221;on|desktop&#8221; locked=&#8221;off&#8221; global_colors_info=&#8221;{}&#8221;]<\/p>\n<p style=\"font-size: 13px; padding-bottom: 0px;\">TALK TO US<\/p>\n<p style=\"padding-bottom: 0px;\">\n<a href=\"tel:+351 967 127 198\"><b>T. +351 967 127 198<\/b><\/a><br \/>\n<a href=\"tel:+351 967 127 198\"><b>T. +351 967 127 198<\/b><\/a><\/p>\n<p style=\"font-size: 10px; padding-bottom: 0px;\">(Call to national mobile network)<\/p>\n<p>[\/et_pb_text][\/et_pb_column][et_pb_column type=&#8221;1_4&#8243; module_class=&#8221;RodapeRow_03&#8243; _builder_version=&#8221;4.8.2&#8243; _module_preset=&#8221;default&#8221; global_colors_info=&#8221;{}&#8221;][et_pb_text module_class=&#8221;LinkFooterBranco&#8221; _builder_version=&#8221;4.13.1&#8243; _module_preset=&#8221;default&#8221; text_line_height=&#8221;1.6em&#8221; custom_margin=&#8221;0px|-50px|0px||true|false&#8221; custom_margin_tablet=&#8221;|0px|||true|false&#8221; custom_margin_phone=&#8221;&#8221; custom_margin_last_edited=&#8221;on|phone&#8221; custom_padding=&#8221;0px||0px||true|false&#8221; text_font_size_tablet=&#8221;17px&#8221; text_font_size_phone=&#8221;15px&#8221; text_font_size_last_edited=&#8221;on|phone&#8221; text_orientation_tablet=&#8221;center&#8221; text_orientation_phone=&#8221;&#8221; text_orientation_last_edited=&#8221;on|desktop&#8221; locked=&#8221;off&#8221; global_colors_info=&#8221;{}&#8221;]<\/p>\n<p style=\"font-size: 13px; padding-bottom: 0px;\">EMAIL<\/p>\n<p><a href=\"mailto:apartmentsguimaraes@gmail.com\"><b>apartmentsguimaraes@gmail.com<\/b><\/a><\/p>\n<p>[\/et_pb_text][\/et_pb_column][et_pb_column type=&#8221;1_4&#8243; module_class=&#8221;RodapeRow_04&#8243; _builder_version=&#8221;4.8.2&#8243; _module_preset=&#8221;default&#8221; global_colors_info=&#8221;{}&#8221;][et_pb_social_media_follow use_icon_font_size=&#8221;on&#8221; icon_font_size=&#8221;13px&#8221; _builder_version=&#8221;4.13.1&#8243; text_orientation=&#8221;right&#8221; custom_margin=&#8221;0px||0px||true|false&#8221; custom_padding=&#8221;0px||0px||true|false&#8221; text_orientation_tablet=&#8221;center&#8221; text_orientation_phone=&#8221;center&#8221; text_orientation_last_edited=&#8221;on|desktop&#8221; border_radii=&#8221;on|50px|50px|50px|50px&#8221; border_width_all=&#8221;1px&#8221; border_color_all=&#8221;#2b2a29&#8243; locked=&#8221;off&#8221; global_colors_info=&#8221;{}&#8221;][et_pb_social_media_follow_network social_network=&#8221;instagram&#8221; url=&#8221;https:\/\/www.instagram.com\/poleryapartmentscenter\/&#8221; icon_color=&#8221;#2b2a29&#8243; _builder_version=&#8221;4.13.1&#8243; background_color=&#8221;RGBA(0,0,0,0)&#8221; background_enable_color=&#8221;on&#8221; custom_margin=&#8221;0px||0px||true|false&#8221; custom_padding=&#8221;0px||0px||true|false&#8221; global_colors_info=&#8221;{}&#8221; background__hover_enabled=&#8221;on|hover&#8221; background_color__hover=&#8221;#2b2a29&#8243; background_enable_color__hover=&#8221;on&#8221; icon_color__hover_enabled=&#8221;on|desktop&#8221; icon_color__hover=&#8221;#ffffff&#8221; follow_button=&#8221;off&#8221; url_new_window=&#8221;on&#8221;]instagram[\/et_pb_social_media_follow_network][\/et_pb_social_media_follow][\/et_pb_column][\/et_pb_row][\/et_pb_section]<\/p>\n","protected":false},"excerpt":{"rendered":"<p>CONTACTS+351 967 127 198 +351 913 556 979 (Call to national mobile network) apartmentsguimaraes@gmail.com Travessa de Cam\u00f5es, 15 4810-428 Guimar\u00e3es &#8211; PORTUGALTALK TO US More information fill in the form\u00a9 Polery Apartments &#8211; Local Accommodation in Guimar\u00e3escria\u00e7\u00e3o de sites : criativo.net Complaints book \u00a0\u00a0 RAL \u00a0\u00a0 Privacy \u00a0\u00a0 CookiesTALK TO US T. +351 967 127 [&hellip;]<\/p>\n","protected":false},"author":3,"featured_media":0,"parent":0,"menu_order":0,"comment_status":"closed","ping_status":"closed","template":"","meta":{"_et_pb_use_builder":"on","_et_pb_old_content":"","_et_gb_content_width":"","_joinchat":[],"footnotes":""},"class_list":["post-40603","page","type-page","status-publish","hentry"],"_links":{"self":[{"href":"https:\/\/poleryapartments.com\/en\/wp-json\/wp\/v2\/pages\/40603","targetHints":{"allow":["GET"]}}],"collection":[{"href":"https:\/\/poleryapartments.com\/en\/wp-json\/wp\/v2\/pages"}],"about":[{"href":"https:\/\/poleryapartments.com\/en\/wp-json\/wp\/v2\/types\/page"}],"author":[{"embeddable":true,"href":"https:\/\/poleryapartments.com\/en\/wp-json\/wp\/v2\/users\/3"}],"replies":[{"embeddable":true,"href":"https:\/\/poleryapartments.com\/en\/wp-json\/wp\/v2\/comments?post=40603"}],"version-history":[{"count":79,"href":"https:\/\/poleryapartments.com\/en\/wp-json\/wp\/v2\/pages\/40603\/revisions"}],"predecessor-version":[{"id":56282,"href":"https:\/\/poleryapartments.com\/en\/wp-json\/wp\/v2\/pages\/40603\/revisions\/56282"}],"wp:attachment":[{"href":"https:\/\/poleryapartments.com\/en\/wp-json\/wp\/v2\/media?parent=40603"}],"curies":[{"name":"wp","href":"https:\/\/api.w.org\/{rel}","templated":true}]}}